{"id":13,"date":"2026-02-07T12:46:02","date_gmt":"2026-02-07T12:46:02","guid":{"rendered":"https:\/\/aml.growupmedia.at\/?page_id=13"},"modified":"2026-03-10T13:35:26","modified_gmt":"2026-03-10T13:35:26","slug":"impressum","status":"publish","type":"page","link":"https:\/\/aml.growupmedia.at\/en\/impressum\/","title":{"rendered":"Impressum"},"content":{"rendered":"<p>Angaben gem\u00e4\u00df \u00a7 5 TMG:<\/p>\n<p><strong>Akdas Taxi KG<\/strong><br \/>\nGerhardusgasse 8\/111<br \/>\n1200, Wien<\/p>\n<p>E-Mail: office@aml.growupmedia.at<br \/>\nTelefon: +43 660 600 99 99<\/p>\n<p>&nbsp;<\/p>\n<p><strong>Ust-IdNr.:<\/strong> ATU69878929<\/p>\n<p>Design &amp; Development: <a href=\"https:\/\/growup-media.at\/\" target=\"_blank\" rel=\"noopener\"><b>GrowUp Media<\/b><\/a><\/p>\n<p><strong>Verantwortlich f\u00fcr den Inhalt nach \u00a7 55 Abs. 2 RStV:<\/strong><br \/>\nAkdas Taxi KG<br \/>\nGerhardusgasse 8\/111<br \/>\n1200, Wien<\/p>\n<p><strong>Haftungsausschluss:<\/strong><br \/>\nTrotz sorgf\u00e4ltiger inhaltlicher Kontrolle \u00fcbernehmen wir keine Haftung f\u00fcr die Inhalte externer Links. F\u00fcr den Inhalt der verlinkten Seiten sind ausschlie\u00dflich deren Betreiber verantwortlich.<\/p>\n<p><strong>Urheberrecht:<\/strong><br \/>\nDie durch den Seitenbetreiber erstellten Inhalte und Werke auf diesen Seiten unterliegen dem deutschen Urheberrecht. Die Vervielf\u00e4ltigung, Bearbeitung, Verbreitung und jede Art der Verwertung au\u00dferhalb der Grenzen des Urheberrechts bed\u00fcrfen der schriftlichen Zustimmung des jeweiligen Autors bzw. Erstellers.<\/p>\n<p><strong>Datenschutz:<\/strong><br \/>\nInformationen zum Umgang mit personenbezogenen Daten finden Sie in unserer\u00a0<a href=\"https:\/\/austria-chauffeur-service.at\/datenschutz\/\">Datenschutzerkl\u00e4rung<\/a>.<\/p>","protected":false},"excerpt":{"rendered":"<p>Angaben gem\u00e4\u00df \u00a7 5 TMG: Akdas Taxi KG Gerhardusgasse 8\/111 1200, Wien E-Mail: office@aml.growupmedia.at Telefon: +43 660 600 99 99 &nbsp; Ust-IdNr.: ATU69878929 Design &amp; Development: GrowUp Media Verantwortlich f\u00fcr den Inhalt nach \u00a7 55 Abs. 2 RStV: Akdas Taxi KG Gerhardusgasse 8\/111 1200, Wien Haftungsausschluss: Trotz sorgf\u00e4ltiger inhaltlicher Kontrolle \u00fcbernehmen wir keine Haftung f\u00fcr [&hellip;]<\/p>\n","protected":false},"author":1,"featured_media":0,"parent":0,"menu_order":0,"comment_status":"closed","ping_status":"closed","template":"","meta":{"_acf_changed":false,"footnotes":""},"class_list":["post-13","page","type-page","status-publish","hentry"],"acf":[],"_hostinger_reach_plugin_has_subscription_block":false,"_hostinger_reach_plugin_is_elementor":false,"_links":{"self":[{"href":"https:\/\/aml.growupmedia.at\/en\/wp-json\/wp\/v2\/pages\/13","targetHints":{"allow":["GET"]}}],"collection":[{"href":"https:\/\/aml.growupmedia.at\/en\/wp-json\/wp\/v2\/pages"}],"about":[{"href":"https:\/\/aml.growupmedia.at\/en\/wp-json\/wp\/v2\/types\/page"}],"author":[{"embeddable":true,"href":"https:\/\/aml.growupmedia.at\/en\/wp-json\/wp\/v2\/users\/1"}],"replies":[{"embeddable":true,"href":"https:\/\/aml.growupmedia.at\/en\/wp-json\/wp\/v2\/comments?post=13"}],"version-history":[{"count":7,"href":"https:\/\/aml.growupmedia.at\/en\/wp-json\/wp\/v2\/pages\/13\/revisions"}],"predecessor-version":[{"id":29510,"href":"https:\/\/aml.growupmedia.at\/en\/wp-json\/wp\/v2\/pages\/13\/revisions\/29510"}],"wp:attachment":[{"href":"https:\/\/aml.growupmedia.at\/en\/wp-json\/wp\/v2\/media?parent=13"}],"curies":[{"name":"wp","href":"https:\/\/api.w.org\/{rel}","templated":true}]}}